{"id":5555,"date":"2020-02-20T15:07:46","date_gmt":"2020-02-20T15:07:46","guid":{"rendered":"https:\/\/www.begrafenissenhaerens.be\/services\/accompagnement\/"},"modified":"2023-05-12T11:14:22","modified_gmt":"2023-05-12T11:14:22","slug":"accompagnement","status":"publish","type":"page","link":"https:\/\/www.begrafenissenhaerens.be\/fr\/services\/accompagnement\/","title":{"rendered":"Accompagnement"},"content":{"rendered":"\t\t<div data-elementor-type=\"wp-page\" data-elementor-id=\"5555\" class=\"elementor elementor-5555 elementor-1293\" data-elementor-post-type=\"page\">\n\t\t\t\t<div class=\"elementor-element elementor-element-0e6b9d1 e-con-full e-flex e-con e-parent\" data-id=\"0e6b9d1\" data-element_type=\"container\" data-settings=\"{&quot;content_width&quot;:&quot;full&quot;}\" data-core-v316-plus=\"true\">\n\t\t\t\t<div class=\"elementor-element elementor-element-1cf783b elementor-widget elementor-widget-template\" data-id=\"1cf783b\" data-element_type=\"widget\" data-widget_type=\"template.default\">\n\t\t\t\t<div class=\"elementor-widget-container\">\n\t\t\t\t\t<div class=\"elementor-template\">\n\t\t\t\t\t<div data-elementor-type=\"page\" data-elementor-id=\"9153\" class=\"elementor elementor-9153 elementor-8450 elementor-8450\" data-elementor-post-type=\"elementor_library\">\n\t\t\t\t<div class=\"elementor-element elementor-element-46db78f e-flex e-con-boxed e-con e-parent\" data-id=\"46db78f\" data-element_type=\"container\" data-settings=\"{&quot;background_background&quot;:&quot;classic&quot;,&quot;content_width&quot;:&quot;boxed&quot;}\" data-core-v316-plus=\"true\">\n\t\t\t\t\t<div class=\"e-con-inner\">\n\t\t\t\t<div class=\"elementor-element elementor-element-10f0484 elementor-align-left elementor-widget elementor-widget-breadcrumbs\" data-id=\"10f0484\" data-element_type=\"widget\" data-widget_type=\"breadcrumbs.default\">\n\t\t\t\t<div class=\"elementor-widget-container\">\n\t\t\t<link rel=\"stylesheet\" href=\"https:\/\/www.begrafenissenhaerens.be\/wp-content\/plugins\/elementor-pro\/assets\/css\/widget-theme-elements.min.css\"><span id=\"breadcrumbs\"><span><span><a href=\"https:\/\/www.begrafenissenhaerens.be\/fr\/\">Home<\/a><\/span><\/span><\/span>\t\t<\/div>\n\t\t\t\t<\/div>\n\t\t\t\t<div class=\"elementor-element elementor-element-3c28a2d elementor-widget elementor-widget-heading\" data-id=\"3c28a2d\" data-element_type=\"widget\" data-widget_type=\"heading.default\">\n\t\t\t\t<div class=\"elementor-widget-container\">\n\t\t\t<style>\/*! elementor - v3.19.0 - 28-02-2024 *\/\n.elementor-heading-title{padding:0;margin:0;line-height:1}.elementor-widget-heading .elementor-heading-title[class*=elementor-size-]>a{color:inherit;font-size:inherit;line-height:inherit}.elementor-widget-heading .elementor-heading-title.elementor-size-small{font-size:15px}.elementor-widget-heading .elementor-heading-title.elementor-size-medium{font-size:19px}.elementor-widget-heading .elementor-heading-title.elementor-size-large{font-size:29px}.elementor-widget-heading .elementor-heading-title.elementor-size-xl{font-size:39px}.elementor-widget-heading .elementor-heading-title.elementor-size-xxl{font-size:59px}<\/style><h1 class=\"elementor-heading-title elementor-size-default\">Accompagnement<\/h1>\t\t<\/div>\n\t\t\t\t<\/div>\n\t\t\t\t<div class=\"elementor-element elementor-element-2570ea1 elementor-widget-divider--view-line elementor-widget elementor-widget-divider\" data-id=\"2570ea1\" data-element_type=\"widget\" data-widget_type=\"divider.default\">\n\t\t\t\t<div class=\"elementor-widget-container\">\n\t\t\t<style>\/*! elementor - v3.19.0 - 28-02-2024 *\/\n.elementor-widget-divider{--divider-border-style:none;--divider-border-width:1px;--divider-color:#0c0d0e;--divider-icon-size:20px;--divider-element-spacing:10px;--divider-pattern-height:24px;--divider-pattern-size:20px;--divider-pattern-url:none;--divider-pattern-repeat:repeat-x}.elementor-widget-divider .elementor-divider{display:flex}.elementor-widget-divider .elementor-divider__text{font-size:15px;line-height:1;max-width:95%}.elementor-widget-divider .elementor-divider__element{margin:0 var(--divider-element-spacing);flex-shrink:0}.elementor-widget-divider .elementor-icon{font-size:var(--divider-icon-size)}.elementor-widget-divider .elementor-divider-separator{display:flex;margin:0;direction:ltr}.elementor-widget-divider--view-line_icon .elementor-divider-separator,.elementor-widget-divider--view-line_text .elementor-divider-separator{align-items:center}.elementor-widget-divider--view-line_icon .elementor-divider-separator:after,.elementor-widget-divider--view-line_icon .elementor-divider-separator:before,.elementor-widget-divider--view-line_text .elementor-divider-separator:after,.elementor-widget-divider--view-line_text .elementor-divider-separator:before{display:block;content:\"\";border-block-end:0;flex-grow:1;border-block-start:var(--divider-border-width) var(--divider-border-style) var(--divider-color)}.elementor-widget-divider--element-align-left .elementor-divider .elementor-divider-separator>.elementor-divider__svg:first-of-type{flex-grow:0;flex-shrink:100}.elementor-widget-divider--element-align-left .elementor-divider-separator:before{content:none}.elementor-widget-divider--element-align-left .elementor-divider__element{margin-left:0}.elementor-widget-divider--element-align-right .elementor-divider .elementor-divider-separator>.elementor-divider__svg:last-of-type{flex-grow:0;flex-shrink:100}.elementor-widget-divider--element-align-right .elementor-divider-separator:after{content:none}.elementor-widget-divider--element-align-right .elementor-divider__element{margin-right:0}.elementor-widget-divider--element-align-start .elementor-divider .elementor-divider-separator>.elementor-divider__svg:first-of-type{flex-grow:0;flex-shrink:100}.elementor-widget-divider--element-align-start .elementor-divider-separator:before{content:none}.elementor-widget-divider--element-align-start .elementor-divider__element{margin-inline-start:0}.elementor-widget-divider--element-align-end .elementor-divider .elementor-divider-separator>.elementor-divider__svg:last-of-type{flex-grow:0;flex-shrink:100}.elementor-widget-divider--element-align-end .elementor-divider-separator:after{content:none}.elementor-widget-divider--element-align-end .elementor-divider__element{margin-inline-end:0}.elementor-widget-divider:not(.elementor-widget-divider--view-line_text):not(.elementor-widget-divider--view-line_icon) .elementor-divider-separator{border-block-start:var(--divider-border-width) var(--divider-border-style) var(--divider-color)}.elementor-widget-divider--separator-type-pattern{--divider-border-style:none}.elementor-widget-divider--separator-type-pattern.elementor-widget-divider--view-line .elementor-divider-separator,.elementor-widget-divider--separator-type-pattern:not(.elementor-widget-divider--view-line) .elementor-divider-separator:after,.elementor-widget-divider--separator-type-pattern:not(.elementor-widget-divider--view-line) .elementor-divider-separator:before,.elementor-widget-divider--separator-type-pattern:not([class*=elementor-widget-divider--view]) .elementor-divider-separator{width:100%;min-height:var(--divider-pattern-height);-webkit-mask-size:var(--divider-pattern-size) 100%;mask-size:var(--divider-pattern-size) 100%;-webkit-mask-repeat:var(--divider-pattern-repeat);mask-repeat:var(--divider-pattern-repeat);background-color:var(--divider-color);-webkit-mask-image:var(--divider-pattern-url);mask-image:var(--divider-pattern-url)}.elementor-widget-divider--no-spacing{--divider-pattern-size:auto}.elementor-widget-divider--bg-round{--divider-pattern-repeat:round}.rtl .elementor-widget-divider .elementor-divider__text{direction:rtl}.e-con-inner>.elementor-widget-divider,.e-con>.elementor-widget-divider{width:var(--container-widget-width,100%);--flex-grow:var(--container-widget-flex-grow)}<\/style>\t\t<div class=\"elementor-divider\">\n\t\t\t<span class=\"elementor-divider-separator\">\n\t\t\t\t\t\t<\/span>\n\t\t<\/div>\n\t\t\t\t<\/div>\n\t\t\t\t<\/div>\n\t\t\t\t<div class=\"elementor-element elementor-element-0056ae3 elementor-widget elementor-widget-heading\" data-id=\"0056ae3\" data-element_type=\"widget\" data-widget_type=\"heading.default\">\n\t\t\t\t<div class=\"elementor-widget-container\">\n\t\t\t<h2 class=\"elementor-heading-title elementor-size-default\">Vous souhaitez une aide et un accompagnement professionnels plus complets ?<\/h2>\t\t<\/div>\n\t\t\t\t<\/div>\n\t\t\t\t\t<\/div>\n\t\t\t\t<\/div>\n\t\t\t\t<\/div>\n\t\t\t\t<\/div>\n\t\t\t\t<\/div>\n\t\t\t\t<\/div>\n\t\t\t\t<\/div>\n\t\t<div class=\"elementor-element elementor-element-330ad96 e-flex e-con-boxed e-con e-parent\" data-id=\"330ad96\" data-element_type=\"container\" data-settings=\"{&quot;content_width&quot;:&quot;boxed&quot;}\" data-core-v316-plus=\"true\">\n\t\t\t\t\t<div class=\"e-con-inner\">\n\t\t<div class=\"elementor-element elementor-element-4a7ec92 e-con-full e-flex e-con e-child\" data-id=\"4a7ec92\" data-element_type=\"container\" data-settings=\"{&quot;content_width&quot;:&quot;full&quot;}\">\n\t\t<div class=\"elementor-element elementor-element-8f14a8a e-con-full e-flex e-con e-child\" data-id=\"8f14a8a\" data-element_type=\"container\" data-settings=\"{&quot;content_width&quot;:&quot;full&quot;}\">\n\t\t\t\t<div class=\"elementor-element elementor-element-c2aa620 elementor-widget elementor-widget-heading\" data-id=\"c2aa620\" data-element_type=\"widget\" data-widget_type=\"heading.default\">\n\t\t\t\t<div class=\"elementor-widget-container\">\n\t\t\t<h3 class=\"elementor-heading-title elementor-size-default\">Hannelore Helmich<\/h3>\t\t<\/div>\n\t\t\t\t<\/div>\n\t\t\t\t<div class=\"elementor-element elementor-element-89575ac elementor-widget elementor-widget-text-editor\" data-id=\"89575ac\" data-element_type=\"widget\" data-widget_type=\"text-editor.default\">\n\t\t\t\t<div class=\"elementor-widget-container\">\n\t\t\t<style>\/*! elementor - v3.19.0 - 28-02-2024 *\/\n.elementor-widget-text-editor.elementor-drop-cap-view-stacked .elementor-drop-cap{background-color:#69727d;color:#fff}.elementor-widget-text-editor.elementor-drop-cap-view-framed .elementor-drop-cap{color:#69727d;border:3px solid;background-color:transparent}.elementor-widget-text-editor:not(.elementor-drop-cap-view-default) .elementor-drop-cap{margin-top:8px}.elementor-widget-text-editor:not(.elementor-drop-cap-view-default) .elementor-drop-cap-letter{width:1em;height:1em}.elementor-widget-text-editor .elementor-drop-cap{float:left;text-align:center;line-height:1;font-size:50px}.elementor-widget-text-editor .elementor-drop-cap-letter{display:inline-block}<\/style>\t\t\t\t<p>Vous souhaitez une aide et un accompagnement professionnels plus complets ?<br \/>\nN\u2019h\u00e9sitez pas \u00e0 faire appel \u00e0 <a href=\"http:\/\/www.tools4you.be\/\" target=\"_blank\" rel=\"noopener\">www.tools4you.be<\/a>.<\/p>\n<p>Hannelore Helmich, psychologue clinicienne et psychoth\u00e9rapeute, est sp\u00e9cialis\u00e9e dans la gestion des \u00e9motions, du chagrin et du deuil. Nous sommes convaincus que son apport professionnel vous aidera de mani\u00e8re appr\u00e9ciable.<\/p>\n<p>Permettez-nous de vous souhaiter beaucoup de courage en ces p\u00e9nibles circonstances.<\/p>\n\t\t\t\t\t\t<\/div>\n\t\t\t\t<\/div>\n\t\t\t\t<\/div>\n\t\t<div class=\"elementor-element elementor-element-51800a3 e-con-full e-flex e-con e-child\" data-id=\"51800a3\" data-element_type=\"container\" data-settings=\"{&quot;content_width&quot;:&quot;full&quot;,&quot;background_background&quot;:&quot;classic&quot;}\">\n\t\t\t\t<div class=\"elementor-element elementor-element-d755349 elementor-widget elementor-widget-image\" data-id=\"d755349\" data-element_type=\"widget\" data-widget_type=\"image.default\">\n\t\t\t\t<div class=\"elementor-widget-container\">\n\t\t\t<style>\/*! elementor - v3.19.0 - 28-02-2024 *\/\n.elementor-widget-image{text-align:center}.elementor-widget-image a{display:inline-block}.elementor-widget-image a img[src$=\".svg\"]{width:48px}.elementor-widget-image img{vertical-align:middle;display:inline-block}<\/style>\t\t\t\t\t\t\t\t\t\t<img fetchpriority=\"high\" decoding=\"async\" width=\"768\" height=\"768\" src=\"https:\/\/www.begrafenissenhaerens.be\/wp-content\/uploads\/2023\/05\/Hannelore-Helmich-768x768.jpg\" class=\"attachment-medium_large size-medium_large wp-image-10678\" alt=\"\" srcset=\"https:\/\/www.begrafenissenhaerens.be\/wp-content\/uploads\/2023\/05\/Hannelore-Helmich-768x768.jpg 768w, https:\/\/www.begrafenissenhaerens.be\/wp-content\/uploads\/2023\/05\/Hannelore-Helmich.jpg 1424w\" sizes=\"(max-width: 768px) 100vw, 768px\" \/>\t\t\t\t\t\t\t\t\t\t\t\t\t<\/div>\n\t\t\t\t<\/div>\n\t\t<div class=\"elementor-element elementor-element-eb02fc5 e-con-full e-flex e-con e-child\" data-id=\"eb02fc5\" data-element_type=\"container\" data-settings=\"{&quot;content_width&quot;:&quot;full&quot;}\">\n\t\t\t\t<div class=\"elementor-element elementor-element-8cfbe3c elementor-widget elementor-widget-heading\" data-id=\"8cfbe3c\" data-element_type=\"widget\" data-widget_type=\"heading.default\">\n\t\t\t\t<div class=\"elementor-widget-container\">\n\t\t\t<h4 class=\"elementor-heading-title elementor-size-default\">Hannelore Helmich<\/h4>\t\t<\/div>\n\t\t\t\t<\/div>\n\t\t\t\t<div class=\"elementor-element elementor-element-10ad649 elementor-widget elementor-widget-text-editor\" data-id=\"10ad649\" data-element_type=\"widget\" data-widget_type=\"text-editor.default\">\n\t\t\t\t<div class=\"elementor-widget-container\">\n\t\t\t\t\t\t\t<p><strong>Lic. Psychologie Hannelore T.A. Helmich<\/strong><\/p>\n<p>Zuidstationstraat 3b2, 9000 Gent<br \/>\nContact: <a href=\"tel:032474229160\">+ 32 474 22 91 60<\/a><\/p>\n\t\t\t\t\t\t<\/div>\n\t\t\t\t<\/div>\n\t\t\t\t<\/div>\n\t\t\t\t<\/div>\n\t\t\t\t<\/div>\n\t\t\t\t<div class=\"elementor-element elementor-element-2b75341 elementor-widget elementor-widget-template\" data-id=\"2b75341\" data-element_type=\"widget\" data-widget_type=\"template.default\">\n\t\t\t\t<div class=\"elementor-widget-container\">\n\t\t\t\t\t<div class=\"elementor-template\">\n\t\t\t\t\t<div data-elementor-type=\"container\" data-elementor-id=\"10819\" class=\"elementor elementor-10819 elementor-10807 elementor-10807\" data-elementor-post-type=\"elementor_library\">\n\t\t\t\t<div class=\"elementor-element elementor-element-dd32620 e-flex e-con-boxed e-con e-parent\" data-id=\"dd32620\" data-element_type=\"container\" data-settings=\"{&quot;background_background&quot;:&quot;classic&quot;,&quot;content_width&quot;:&quot;boxed&quot;}\" data-core-v316-plus=\"true\">\n\t\t\t\t\t<div class=\"e-con-inner\">\n\t\t<div class=\"elementor-element elementor-element-416e695 e-con-full e-flex e-con e-child\" data-id=\"416e695\" data-element_type=\"container\" data-settings=\"{&quot;content_width&quot;:&quot;full&quot;}\">\n\t\t\t\t<div class=\"elementor-element elementor-element-ed98cae elementor-widget elementor-widget-heading\" data-id=\"ed98cae\" data-element_type=\"widget\" data-widget_type=\"heading.default\">\n\t\t\t\t<div class=\"elementor-widget-container\">\n\t\t\t<h5 class=\"elementor-heading-title elementor-size-default\">Souhaitez-vous plus d\u2019informations ou avez-vous des questions? <\/h5>\t\t<\/div>\n\t\t\t\t<\/div>\n\t\t\t\t<\/div>\n\t\t\t\t<div data-dce-background-color=\"#896F3C\" class=\"elementor-element elementor-element-d0c42cf elementor-widget elementor-widget-button\" data-id=\"d0c42cf\" data-element_type=\"widget\" data-widget_type=\"button.default\">\n\t\t\t\t<div class=\"elementor-widget-container\">\n\t\t\t\t\t<div class=\"elementor-button-wrapper\">\n\t\t\t<a class=\"elementor-button elementor-button-link elementor-size-sm\" href=\"https:\/\/www.begrafenissenhaerens.be\/fr\/contact\/\">\n\t\t\t\t\t\t<span class=\"elementor-button-content-wrapper\">\n\t\t\t\t\t\t<span class=\"elementor-button-text\">Contactez nous<\/span>\n\t\t<\/span>\n\t\t\t\t\t<\/a>\n\t\t<\/div>\n\t\t\t\t<\/div>\n\t\t\t\t<\/div>\n\t\t\t\t\t<\/div>\n\t\t\t\t<\/div>\n\t\t\t\t<\/div>\n\t\t\t\t<\/div>\n\t\t\t\t<\/div>\n\t\t\t\t<\/div>\n\t\t\t\t\t<\/div>\n\t\t\t\t<\/div>\n\t\t\t\t<\/div>\n\t\t","protected":false},"excerpt":{"rendered":"<p>Hannelore Helmich Vous souhaitez une aide et un accompagnement professionnels plus complets ? N\u2019h\u00e9sitez pas \u00e0 faire appel \u00e0 www.tools4you.be. Hannelore Helmich, psychologue clinicienne et psychoth\u00e9rapeute, est sp\u00e9cialis\u00e9e dans la gestion des \u00e9motions, du chagrin et du deuil. Nous sommes convaincus que son apport professionnel vous aidera de mani\u00e8re appr\u00e9ciable. Permettez-nous de vous souhaiter beaucoup [&hellip;]<\/p>\n","protected":false},"author":6,"featured_media":0,"parent":1021,"menu_order":0,"comment_status":"closed","ping_status":"closed","template":"","meta":{"_acf_changed":false,"footnotes":""},"acf":[],"yoast_head":"<!-- This site is optimized with the Yoast SEO plugin v23.5 - https:\/\/yoast.com\/wordpress\/plugins\/seo\/ -->\n<title>Accompagnement - HAERENS Sint-Martens-Latem<\/title>\n<meta name=\"robots\" content=\"index, follow, max-snippet:-1, max-image-preview:large, max-video-preview:-1\" \/>\n<link rel=\"canonical\" href=\"https:\/\/www.begrafenissenhaerens.be\/fr\/services\/accompagnement\/\" \/>\n<meta property=\"og:locale\" content=\"fr_FR\" \/>\n<meta property=\"og:type\" content=\"article\" \/>\n<meta property=\"og:title\" content=\"Accompagnement - HAERENS Sint-Martens-Latem\" \/>\n<meta property=\"og:description\" content=\"Hannelore Helmich Vous souhaitez une aide et un accompagnement professionnels plus complets ? N\u2019h\u00e9sitez pas \u00e0 faire appel \u00e0 www.tools4you.be. Hannelore Helmich, psychologue clinicienne et psychoth\u00e9rapeute, est sp\u00e9cialis\u00e9e dans la gestion des \u00e9motions, du chagrin et du deuil. Nous sommes convaincus que son apport professionnel vous aidera de mani\u00e8re appr\u00e9ciable. Permettez-nous de vous souhaiter beaucoup [&hellip;]\" \/>\n<meta property=\"og:url\" content=\"https:\/\/www.begrafenissenhaerens.be\/fr\/services\/accompagnement\/\" \/>\n<meta property=\"og:site_name\" content=\"HAERENS Sint-Martens-Latem\" \/>\n<meta property=\"article:publisher\" content=\"https:\/\/www.facebook.com\/BegrafenissenHaerens\/\" \/>\n<meta property=\"article:modified_time\" content=\"2023-05-12T11:14:22+00:00\" \/>\n<meta property=\"og:image\" content=\"https:\/\/www.begrafenissenhaerens.be\/wp-content\/uploads\/2023\/05\/Hannelore-Helmich-768x768.jpg\" \/>\n<meta name=\"twitter:card\" content=\"summary_large_image\" \/>\n<script type=\"application\/ld+json\" class=\"yoast-schema-graph\">{\"@context\":\"https:\/\/schema.org\",\"@graph\":[{\"@type\":\"WebPage\",\"@id\":\"https:\/\/www.begrafenissenhaerens.be\/fr\/services\/accompagnement\/\",\"url\":\"https:\/\/www.begrafenissenhaerens.be\/fr\/services\/accompagnement\/\",\"name\":\"Accompagnement - HAERENS Sint-Martens-Latem\",\"isPartOf\":{\"@id\":\"https:\/\/www.begrafenissenhaerens.be\/fr\/#website\"},\"primaryImageOfPage\":{\"@id\":\"https:\/\/www.begrafenissenhaerens.be\/fr\/services\/accompagnement\/#primaryimage\"},\"image\":{\"@id\":\"https:\/\/www.begrafenissenhaerens.be\/fr\/services\/accompagnement\/#primaryimage\"},\"thumbnailUrl\":\"https:\/\/www.begrafenissenhaerens.be\/wp-content\/uploads\/2023\/05\/Hannelore-Helmich-768x768.jpg\",\"datePublished\":\"2020-02-20T15:07:46+00:00\",\"dateModified\":\"2023-05-12T11:14:22+00:00\",\"breadcrumb\":{\"@id\":\"https:\/\/www.begrafenissenhaerens.be\/fr\/services\/accompagnement\/#breadcrumb\"},\"inLanguage\":\"fr-FR\",\"potentialAction\":[{\"@type\":\"ReadAction\",\"target\":[\"https:\/\/www.begrafenissenhaerens.be\/fr\/services\/accompagnement\/\"]}]},{\"@type\":\"ImageObject\",\"inLanguage\":\"fr-FR\",\"@id\":\"https:\/\/www.begrafenissenhaerens.be\/fr\/services\/accompagnement\/#primaryimage\",\"url\":\"https:\/\/www.begrafenissenhaerens.be\/wp-content\/uploads\/2023\/05\/Hannelore-Helmich-768x768.jpg\",\"contentUrl\":\"https:\/\/www.begrafenissenhaerens.be\/wp-content\/uploads\/2023\/05\/Hannelore-Helmich-768x768.jpg\"},{\"@type\":\"BreadcrumbList\",\"@id\":\"https:\/\/www.begrafenissenhaerens.be\/fr\/services\/accompagnement\/#breadcrumb\",\"itemListElement\":[{\"@type\":\"ListItem\",\"position\":1,\"name\":\"Home\",\"item\":\"https:\/\/www.begrafenissenhaerens.be\/fr\/\"},{\"@type\":\"ListItem\",\"position\":2,\"name\":\"Services\",\"item\":\"https:\/\/www.begrafenissenhaerens.be\/fr\/services\/\"},{\"@type\":\"ListItem\",\"position\":3,\"name\":\"Accompagnement\"}]},{\"@type\":\"WebSite\",\"@id\":\"https:\/\/www.begrafenissenhaerens.be\/fr\/#website\",\"url\":\"https:\/\/www.begrafenissenhaerens.be\/fr\/\",\"name\":\"HAERENS Sint-Martens-Latem\",\"description\":\"Voor een uiterst discrete en stijlvolle aanpak van begrafenissen en crematies bent u bij Haerens uit Sint-Martens-Latem aan het juiste adres.\",\"publisher\":{\"@id\":\"https:\/\/www.begrafenissenhaerens.be\/fr\/#organization\"},\"potentialAction\":[{\"@type\":\"SearchAction\",\"target\":{\"@type\":\"EntryPoint\",\"urlTemplate\":\"https:\/\/www.begrafenissenhaerens.be\/fr\/?s={search_term_string}\"},\"query-input\":{\"@type\":\"PropertyValueSpecification\",\"valueRequired\":true,\"valueName\":\"search_term_string\"}}],\"inLanguage\":\"fr-FR\"},{\"@type\":\"Organization\",\"@id\":\"https:\/\/www.begrafenissenhaerens.be\/fr\/#organization\",\"name\":\"Begrafenissen Haerens\",\"url\":\"https:\/\/www.begrafenissenhaerens.be\/fr\/\",\"logo\":{\"@type\":\"ImageObject\",\"inLanguage\":\"fr-FR\",\"@id\":\"https:\/\/www.begrafenissenhaerens.be\/fr\/#\/schema\/logo\/image\/\",\"url\":\"https:\/\/www.begrafenissenhaerens.be\/wp-content\/uploads\/2020\/10\/haerens_logo.svg\",\"contentUrl\":\"https:\/\/www.begrafenissenhaerens.be\/wp-content\/uploads\/2020\/10\/haerens_logo.svg\",\"caption\":\"Begrafenissen Haerens\"},\"image\":{\"@id\":\"https:\/\/www.begrafenissenhaerens.be\/fr\/#\/schema\/logo\/image\/\"},\"sameAs\":[\"https:\/\/www.facebook.com\/BegrafenissenHaerens\/\"]}]}<\/script>\n<!-- \/ Yoast SEO plugin. -->","yoast_head_json":{"title":"Accompagnement - HAERENS Sint-Martens-Latem","robots":{"index":"index","follow":"follow","max-snippet":"max-snippet:-1","max-image-preview":"max-image-preview:large","max-video-preview":"max-video-preview:-1"},"canonical":"https:\/\/www.begrafenissenhaerens.be\/fr\/services\/accompagnement\/","og_locale":"fr_FR","og_type":"article","og_title":"Accompagnement - HAERENS Sint-Martens-Latem","og_description":"Hannelore Helmich Vous souhaitez une aide et un accompagnement professionnels plus complets ? N\u2019h\u00e9sitez pas \u00e0 faire appel \u00e0 www.tools4you.be. Hannelore Helmich, psychologue clinicienne et psychoth\u00e9rapeute, est sp\u00e9cialis\u00e9e dans la gestion des \u00e9motions, du chagrin et du deuil. Nous sommes convaincus que son apport professionnel vous aidera de mani\u00e8re appr\u00e9ciable. Permettez-nous de vous souhaiter beaucoup [&hellip;]","og_url":"https:\/\/www.begrafenissenhaerens.be\/fr\/services\/accompagnement\/","og_site_name":"HAERENS Sint-Martens-Latem","article_publisher":"https:\/\/www.facebook.com\/BegrafenissenHaerens\/","article_modified_time":"2023-05-12T11:14:22+00:00","og_image":[{"url":"https:\/\/www.begrafenissenhaerens.be\/wp-content\/uploads\/2023\/05\/Hannelore-Helmich-768x768.jpg"}],"twitter_card":"summary_large_image","schema":{"@context":"https:\/\/schema.org","@graph":[{"@type":"WebPage","@id":"https:\/\/www.begrafenissenhaerens.be\/fr\/services\/accompagnement\/","url":"https:\/\/www.begrafenissenhaerens.be\/fr\/services\/accompagnement\/","name":"Accompagnement - HAERENS Sint-Martens-Latem","isPartOf":{"@id":"https:\/\/www.begrafenissenhaerens.be\/fr\/#website"},"primaryImageOfPage":{"@id":"https:\/\/www.begrafenissenhaerens.be\/fr\/services\/accompagnement\/#primaryimage"},"image":{"@id":"https:\/\/www.begrafenissenhaerens.be\/fr\/services\/accompagnement\/#primaryimage"},"thumbnailUrl":"https:\/\/www.begrafenissenhaerens.be\/wp-content\/uploads\/2023\/05\/Hannelore-Helmich-768x768.jpg","datePublished":"2020-02-20T15:07:46+00:00","dateModified":"2023-05-12T11:14:22+00:00","breadcrumb":{"@id":"https:\/\/www.begrafenissenhaerens.be\/fr\/services\/accompagnement\/#breadcrumb"},"inLanguage":"fr-FR","potentialAction":[{"@type":"ReadAction","target":["https:\/\/www.begrafenissenhaerens.be\/fr\/services\/accompagnement\/"]}]},{"@type":"ImageObject","inLanguage":"fr-FR","@id":"https:\/\/www.begrafenissenhaerens.be\/fr\/services\/accompagnement\/#primaryimage","url":"https:\/\/www.begrafenissenhaerens.be\/wp-content\/uploads\/2023\/05\/Hannelore-Helmich-768x768.jpg","contentUrl":"https:\/\/www.begrafenissenhaerens.be\/wp-content\/uploads\/2023\/05\/Hannelore-Helmich-768x768.jpg"},{"@type":"BreadcrumbList","@id":"https:\/\/www.begrafenissenhaerens.be\/fr\/services\/accompagnement\/#breadcrumb","itemListElement":[{"@type":"ListItem","position":1,"name":"Home","item":"https:\/\/www.begrafenissenhaerens.be\/fr\/"},{"@type":"ListItem","position":2,"name":"Services","item":"https:\/\/www.begrafenissenhaerens.be\/fr\/services\/"},{"@type":"ListItem","position":3,"name":"Accompagnement"}]},{"@type":"WebSite","@id":"https:\/\/www.begrafenissenhaerens.be\/fr\/#website","url":"https:\/\/www.begrafenissenhaerens.be\/fr\/","name":"HAERENS Sint-Martens-Latem","description":"Voor een uiterst discrete en stijlvolle aanpak van begrafenissen en crematies bent u bij Haerens uit Sint-Martens-Latem aan het juiste adres.","publisher":{"@id":"https:\/\/www.begrafenissenhaerens.be\/fr\/#organization"},"potentialAction":[{"@type":"SearchAction","target":{"@type":"EntryPoint","urlTemplate":"https:\/\/www.begrafenissenhaerens.be\/fr\/?s={search_term_string}"},"query-input":{"@type":"PropertyValueSpecification","valueRequired":true,"valueName":"search_term_string"}}],"inLanguage":"fr-FR"},{"@type":"Organization","@id":"https:\/\/www.begrafenissenhaerens.be\/fr\/#organization","name":"Begrafenissen Haerens","url":"https:\/\/www.begrafenissenhaerens.be\/fr\/","logo":{"@type":"ImageObject","inLanguage":"fr-FR","@id":"https:\/\/www.begrafenissenhaerens.be\/fr\/#\/schema\/logo\/image\/","url":"https:\/\/www.begrafenissenhaerens.be\/wp-content\/uploads\/2020\/10\/haerens_logo.svg","contentUrl":"https:\/\/www.begrafenissenhaerens.be\/wp-content\/uploads\/2020\/10\/haerens_logo.svg","caption":"Begrafenissen Haerens"},"image":{"@id":"https:\/\/www.begrafenissenhaerens.be\/fr\/#\/schema\/logo\/image\/"},"sameAs":["https:\/\/www.facebook.com\/BegrafenissenHaerens\/"]}]}},"_links":{"self":[{"href":"https:\/\/www.begrafenissenhaerens.be\/fr\/wp-json\/wp\/v2\/pages\/5555"}],"collection":[{"href":"https:\/\/www.begrafenissenhaerens.be\/fr\/wp-json\/wp\/v2\/pages"}],"about":[{"href":"https:\/\/www.begrafenissenhaerens.be\/fr\/wp-json\/wp\/v2\/types\/page"}],"author":[{"embeddable":true,"href":"https:\/\/www.begrafenissenhaerens.be\/fr\/wp-json\/wp\/v2\/users\/6"}],"replies":[{"embeddable":true,"href":"https:\/\/www.begrafenissenhaerens.be\/fr\/wp-json\/wp\/v2\/comments?post=5555"}],"version-history":[{"count":0,"href":"https:\/\/www.begrafenissenhaerens.be\/fr\/wp-json\/wp\/v2\/pages\/5555\/revisions"}],"up":[{"embeddable":true,"href":"https:\/\/www.begrafenissenhaerens.be\/fr\/wp-json\/wp\/v2\/pages\/1021"}],"wp:attachment":[{"href":"https:\/\/www.begrafenissenhaerens.be\/fr\/wp-json\/wp\/v2\/media?parent=5555"}],"curies":[{"name":"wp","href":"https:\/\/api.w.org\/{rel}","templated":true}]}}