{"id":5465,"date":"2020-02-18T10:06:12","date_gmt":"2020-02-18T10:06:12","guid":{"rendered":"https:\/\/www.begrafenissenhaerens.be\/services\/thanatopraxie\/"},"modified":"2023-05-12T11:09:08","modified_gmt":"2023-05-12T11:09:08","slug":"thanatopraxie","status":"publish","type":"page","link":"https:\/\/www.begrafenissenhaerens.be\/fr\/services\/thanatopraxie\/","title":{"rendered":"Thanatopraxie"},"content":{"rendered":"\t\t<div data-elementor-type=\"wp-page\" data-elementor-id=\"5465\" class=\"elementor elementor-5465 elementor-1245\" data-elementor-post-type=\"page\">\n\t\t\t\t<div class=\"elementor-element elementor-element-ff653fc e-con-full e-flex e-con e-parent\" data-id=\"ff653fc\" data-element_type=\"container\" data-settings=\"{&quot;content_width&quot;:&quot;full&quot;}\" data-core-v316-plus=\"true\">\n\t\t\t\t<div class=\"elementor-element elementor-element-586be60 elementor-widget elementor-widget-template\" data-id=\"586be60\" data-element_type=\"widget\" data-widget_type=\"template.default\">\n\t\t\t\t<div class=\"elementor-widget-container\">\n\t\t\t\t\t<div class=\"elementor-template\">\n\t\t\t\t\t<div data-elementor-type=\"page\" data-elementor-id=\"9153\" class=\"elementor elementor-9153 elementor-8450 elementor-8450\" data-elementor-post-type=\"elementor_library\">\n\t\t\t\t<div class=\"elementor-element elementor-element-46db78f e-flex e-con-boxed e-con e-parent\" data-id=\"46db78f\" data-element_type=\"container\" data-settings=\"{&quot;background_background&quot;:&quot;classic&quot;,&quot;content_width&quot;:&quot;boxed&quot;}\" data-core-v316-plus=\"true\">\n\t\t\t\t\t<div class=\"e-con-inner\">\n\t\t\t\t<div class=\"elementor-element elementor-element-10f0484 elementor-align-left elementor-widget elementor-widget-breadcrumbs\" data-id=\"10f0484\" data-element_type=\"widget\" data-widget_type=\"breadcrumbs.default\">\n\t\t\t\t<div class=\"elementor-widget-container\">\n\t\t\t<link rel=\"stylesheet\" href=\"https:\/\/www.begrafenissenhaerens.be\/wp-content\/plugins\/elementor-pro\/assets\/css\/widget-theme-elements.min.css\"><span id=\"breadcrumbs\"><span><span><a href=\"https:\/\/www.begrafenissenhaerens.be\/fr\/\">Home<\/a><\/span><\/span><\/span>\t\t<\/div>\n\t\t\t\t<\/div>\n\t\t\t\t<div class=\"elementor-element elementor-element-3c28a2d elementor-widget elementor-widget-heading\" data-id=\"3c28a2d\" data-element_type=\"widget\" data-widget_type=\"heading.default\">\n\t\t\t\t<div class=\"elementor-widget-container\">\n\t\t\t<style>\/*! elementor - v3.19.0 - 28-02-2024 *\/\n.elementor-heading-title{padding:0;margin:0;line-height:1}.elementor-widget-heading .elementor-heading-title[class*=elementor-size-]>a{color:inherit;font-size:inherit;line-height:inherit}.elementor-widget-heading .elementor-heading-title.elementor-size-small{font-size:15px}.elementor-widget-heading .elementor-heading-title.elementor-size-medium{font-size:19px}.elementor-widget-heading .elementor-heading-title.elementor-size-large{font-size:29px}.elementor-widget-heading .elementor-heading-title.elementor-size-xl{font-size:39px}.elementor-widget-heading .elementor-heading-title.elementor-size-xxl{font-size:59px}<\/style><h1 class=\"elementor-heading-title elementor-size-default\">Thanatopraxie<\/h1>\t\t<\/div>\n\t\t\t\t<\/div>\n\t\t\t\t<div class=\"elementor-element elementor-element-2570ea1 elementor-widget-divider--view-line elementor-widget elementor-widget-divider\" data-id=\"2570ea1\" data-element_type=\"widget\" data-widget_type=\"divider.default\">\n\t\t\t\t<div class=\"elementor-widget-container\">\n\t\t\t<style>\/*! elementor - v3.19.0 - 28-02-2024 *\/\n.elementor-widget-divider{--divider-border-style:none;--divider-border-width:1px;--divider-color:#0c0d0e;--divider-icon-size:20px;--divider-element-spacing:10px;--divider-pattern-height:24px;--divider-pattern-size:20px;--divider-pattern-url:none;--divider-pattern-repeat:repeat-x}.elementor-widget-divider .elementor-divider{display:flex}.elementor-widget-divider .elementor-divider__text{font-size:15px;line-height:1;max-width:95%}.elementor-widget-divider .elementor-divider__element{margin:0 var(--divider-element-spacing);flex-shrink:0}.elementor-widget-divider .elementor-icon{font-size:var(--divider-icon-size)}.elementor-widget-divider .elementor-divider-separator{display:flex;margin:0;direction:ltr}.elementor-widget-divider--view-line_icon .elementor-divider-separator,.elementor-widget-divider--view-line_text .elementor-divider-separator{align-items:center}.elementor-widget-divider--view-line_icon .elementor-divider-separator:after,.elementor-widget-divider--view-line_icon .elementor-divider-separator:before,.elementor-widget-divider--view-line_text .elementor-divider-separator:after,.elementor-widget-divider--view-line_text .elementor-divider-separator:before{display:block;content:\"\";border-block-end:0;flex-grow:1;border-block-start:var(--divider-border-width) var(--divider-border-style) var(--divider-color)}.elementor-widget-divider--element-align-left .elementor-divider .elementor-divider-separator>.elementor-divider__svg:first-of-type{flex-grow:0;flex-shrink:100}.elementor-widget-divider--element-align-left .elementor-divider-separator:before{content:none}.elementor-widget-divider--element-align-left .elementor-divider__element{margin-left:0}.elementor-widget-divider--element-align-right .elementor-divider .elementor-divider-separator>.elementor-divider__svg:last-of-type{flex-grow:0;flex-shrink:100}.elementor-widget-divider--element-align-right .elementor-divider-separator:after{content:none}.elementor-widget-divider--element-align-right .elementor-divider__element{margin-right:0}.elementor-widget-divider--element-align-start .elementor-divider .elementor-divider-separator>.elementor-divider__svg:first-of-type{flex-grow:0;flex-shrink:100}.elementor-widget-divider--element-align-start .elementor-divider-separator:before{content:none}.elementor-widget-divider--element-align-start .elementor-divider__element{margin-inline-start:0}.elementor-widget-divider--element-align-end .elementor-divider .elementor-divider-separator>.elementor-divider__svg:last-of-type{flex-grow:0;flex-shrink:100}.elementor-widget-divider--element-align-end .elementor-divider-separator:after{content:none}.elementor-widget-divider--element-align-end .elementor-divider__element{margin-inline-end:0}.elementor-widget-divider:not(.elementor-widget-divider--view-line_text):not(.elementor-widget-divider--view-line_icon) .elementor-divider-separator{border-block-start:var(--divider-border-width) var(--divider-border-style) var(--divider-color)}.elementor-widget-divider--separator-type-pattern{--divider-border-style:none}.elementor-widget-divider--separator-type-pattern.elementor-widget-divider--view-line .elementor-divider-separator,.elementor-widget-divider--separator-type-pattern:not(.elementor-widget-divider--view-line) .elementor-divider-separator:after,.elementor-widget-divider--separator-type-pattern:not(.elementor-widget-divider--view-line) .elementor-divider-separator:before,.elementor-widget-divider--separator-type-pattern:not([class*=elementor-widget-divider--view]) .elementor-divider-separator{width:100%;min-height:var(--divider-pattern-height);-webkit-mask-size:var(--divider-pattern-size) 100%;mask-size:var(--divider-pattern-size) 100%;-webkit-mask-repeat:var(--divider-pattern-repeat);mask-repeat:var(--divider-pattern-repeat);background-color:var(--divider-color);-webkit-mask-image:var(--divider-pattern-url);mask-image:var(--divider-pattern-url)}.elementor-widget-divider--no-spacing{--divider-pattern-size:auto}.elementor-widget-divider--bg-round{--divider-pattern-repeat:round}.rtl .elementor-widget-divider .elementor-divider__text{direction:rtl}.e-con-inner>.elementor-widget-divider,.e-con>.elementor-widget-divider{width:var(--container-widget-width,100%);--flex-grow:var(--container-widget-flex-grow)}<\/style>\t\t<div class=\"elementor-divider\">\n\t\t\t<span class=\"elementor-divider-separator\">\n\t\t\t\t\t\t<\/span>\n\t\t<\/div>\n\t\t\t\t<\/div>\n\t\t\t\t<\/div>\n\t\t\t\t<div class=\"elementor-element elementor-element-0056ae3 elementor-widget elementor-widget-heading\" data-id=\"0056ae3\" data-element_type=\"widget\" data-widget_type=\"heading.default\">\n\t\t\t\t<div class=\"elementor-widget-container\">\n\t\t\t<h2 class=\"elementor-heading-title elementor-size-default\">La thanatopraxie donne au d\u00e9funt une apparence paisible<\/h2>\t\t<\/div>\n\t\t\t\t<\/div>\n\t\t\t\t\t<\/div>\n\t\t\t\t<\/div>\n\t\t\t\t<\/div>\n\t\t\t\t<\/div>\n\t\t\t\t<\/div>\n\t\t\t\t<\/div>\n\t\t\t\t<\/div>\n\t\t<div class=\"elementor-element elementor-element-41630be e-flex e-con-boxed e-con e-parent\" data-id=\"41630be\" data-element_type=\"container\" data-settings=\"{&quot;content_width&quot;:&quot;boxed&quot;}\" data-core-v316-plus=\"true\">\n\t\t\t\t\t<div class=\"e-con-inner\">\n\t\t\t\t<div class=\"elementor-element elementor-element-91bf1d7 elementor-widget elementor-widget-heading\" data-id=\"91bf1d7\" data-element_type=\"widget\" data-widget_type=\"heading.default\">\n\t\t\t\t<div class=\"elementor-widget-container\">\n\t\t\t<h3 class=\"elementor-heading-title elementor-size-default\">Qu'est-ce que la Thanatopraxie?<\/h3>\t\t<\/div>\n\t\t\t\t<\/div>\n\t\t\t\t<div class=\"elementor-element elementor-element-3b5754b elementor-widget elementor-widget-text-editor\" data-id=\"3b5754b\" data-element_type=\"widget\" data-widget_type=\"text-editor.default\">\n\t\t\t\t<div class=\"elementor-widget-container\">\n\t\t\t<style>\/*! elementor - v3.19.0 - 28-02-2024 *\/\n.elementor-widget-text-editor.elementor-drop-cap-view-stacked .elementor-drop-cap{background-color:#69727d;color:#fff}.elementor-widget-text-editor.elementor-drop-cap-view-framed .elementor-drop-cap{color:#69727d;border:3px solid;background-color:transparent}.elementor-widget-text-editor:not(.elementor-drop-cap-view-default) .elementor-drop-cap{margin-top:8px}.elementor-widget-text-editor:not(.elementor-drop-cap-view-default) .elementor-drop-cap-letter{width:1em;height:1em}.elementor-widget-text-editor .elementor-drop-cap{float:left;text-align:center;line-height:1;font-size:50px}.elementor-widget-text-editor .elementor-drop-cap-letter{display:inline-block}<\/style>\t\t\t\t<p>La thanatopraxie est la science qui consiste \u00e0 assurer, gr\u00e2ce \u00e0 l\u2019injection de liquides de conservation, une hygi\u00e8ne parfaite au corps, dans le but de restituer au d\u00e9funt une apparence naturelle et paisible.<\/p>\n<p>Le traitement, qui dure de trois \u00e0 cinq heures, peut \u00eatre effectu\u00e9 \u00e0 la morgue de l\u2019h\u00f4pital ou au fun\u00e9rarium de l\u2019entreprise de pompes fun\u00e8bres.<\/p>\n\t\t\t\t\t\t<\/div>\n\t\t\t\t<\/div>\n\t\t<div class=\"elementor-element elementor-element-622dc1b e-con-full e-flex e-con e-child\" data-id=\"622dc1b\" data-element_type=\"container\" data-settings=\"{&quot;content_width&quot;:&quot;full&quot;}\">\n\t\t\t\t<div class=\"elementor-element elementor-element-7275b3d elementor-widget elementor-widget-heading\" data-id=\"7275b3d\" data-element_type=\"widget\" data-widget_type=\"heading.default\">\n\t\t\t\t<div class=\"elementor-widget-container\">\n\t\t\t<h4 class=\"elementor-heading-title elementor-size-default\">Quels sont les avantages?<\/h4>\t\t<\/div>\n\t\t\t\t<\/div>\n\t\t\t\t<div class=\"elementor-element elementor-element-d70699b elementor-widget elementor-widget-text-editor\" data-id=\"d70699b\" data-element_type=\"widget\" data-widget_type=\"text-editor.default\">\n\t\t\t\t<div class=\"elementor-widget-container\">\n\t\t\t\t\t\t\t<p>Il a pour avantage de faciliter le deuil, en recr\u00e9ant l\u2019image du d\u00e9funt telle que s\u2019en souviennent les proches.<\/p>\n\t\t\t\t\t\t<\/div>\n\t\t\t\t<\/div>\n\t\t\t\t<\/div>\n\t\t<div class=\"elementor-element elementor-element-c2904e2 e-con-full e-flex e-con e-child\" data-id=\"c2904e2\" data-element_type=\"container\" data-settings=\"{&quot;content_width&quot;:&quot;full&quot;}\">\n\t\t\t\t<div class=\"elementor-element elementor-element-e518663 elementor-widget elementor-widget-heading\" data-id=\"e518663\" data-element_type=\"widget\" data-widget_type=\"heading.default\">\n\t\t\t\t<div class=\"elementor-widget-container\">\n\t\t\t<h4 class=\"elementor-heading-title elementor-size-default\">La Thanatopraxie est souvent obligatoire ou souhaitable<\/h4>\t\t<\/div>\n\t\t\t\t<\/div>\n\t\t\t\t<div class=\"elementor-element elementor-element-7178d8b elementor-widget elementor-widget-text-editor\" data-id=\"7178d8b\" data-element_type=\"widget\" data-widget_type=\"text-editor.default\">\n\t\t\t\t<div class=\"elementor-widget-container\">\n\t\t\t\t\t\t\t<p>La thanatopraxie n\u2019est pas obligatoire en cas de d\u00e9c\u00e8s d\u00fb \u00e0 des causes naturelles et en l\u2019absence de rapatriement. Elle est par contre imp\u00e9rative lorsque le corps doit \u00eatre transport\u00e9 d\u2019un pays \u00e0 l\u2019autre et vivement recommand\u00e9e apr\u00e8s une autopsie ou une reconstruction.<\/p>\n\t\t\t\t\t\t<\/div>\n\t\t\t\t<\/div>\n\t\t\t\t<\/div>\n\t\t<div class=\"elementor-element elementor-element-1524d2c e-con-full e-flex e-con e-child\" data-id=\"1524d2c\" data-element_type=\"container\" data-settings=\"{&quot;content_width&quot;:&quot;full&quot;}\">\n\t\t\t\t<div class=\"elementor-element elementor-element-4acf58e elementor-widget elementor-widget-heading\" data-id=\"4acf58e\" data-element_type=\"widget\" data-widget_type=\"heading.default\">\n\t\t\t\t<div class=\"elementor-widget-container\">\n\t\t\t<h4 class=\"elementor-heading-title elementor-size-default\">La Thanatopraxie chez Haerens SRL<\/h4>\t\t<\/div>\n\t\t\t\t<\/div>\n\t\t\t\t<div class=\"elementor-element elementor-element-e35ccc5 elementor-widget elementor-widget-text-editor\" data-id=\"e35ccc5\" data-element_type=\"widget\" data-widget_type=\"text-editor.default\">\n\t\t\t\t<div class=\"elementor-widget-container\">\n\t\t\t\t\t\t\t<p>L\u2019entreprise de pompes fun\u00e8bres Haerens SA dispose d\u2019un thanatopracteur dipl\u00f4m\u00e9 agr\u00e9\u00e9, sp\u00e9cialis\u00e9 dans la thanatopraxie apr\u00e8s autopsie et reconstruction. Elle propose \u00e9galement ses services de thanatopraxie aux particuliers et aux entreprises de pompes fun\u00e8bres tierces.<br \/>\nEn Belgique, les thanatopracteurs dipl\u00f4m\u00e9s sont affili\u00e9s \u00e0 l<a href=\"http:\/\/www.ibt-bit.be\/\" target=\"_blank\" rel=\"noopener\">\u2019Institut belge de thanatopraxie (IBT)<\/a><\/p>\n<p>Notre thanatopracteur est membre du conseil d\u2019administration de l\u2019IBT.<\/p>\n\t\t\t\t\t\t<\/div>\n\t\t\t\t<\/div>\n\t\t\t\t<div class=\"elementor-element elementor-element-0763aec elementor-widget elementor-widget-template\" data-id=\"0763aec\" data-element_type=\"widget\" data-widget_type=\"template.default\">\n\t\t\t\t<div class=\"elementor-widget-container\">\n\t\t\t\t\t<div class=\"elementor-template\">\n\t\t\t\t\t<div data-elementor-type=\"container\" data-elementor-id=\"10819\" class=\"elementor elementor-10819 elementor-10807 elementor-10807\" data-elementor-post-type=\"elementor_library\">\n\t\t\t\t<div class=\"elementor-element elementor-element-dd32620 e-flex e-con-boxed e-con e-parent\" data-id=\"dd32620\" data-element_type=\"container\" data-settings=\"{&quot;background_background&quot;:&quot;classic&quot;,&quot;content_width&quot;:&quot;boxed&quot;}\" data-core-v316-plus=\"true\">\n\t\t\t\t\t<div class=\"e-con-inner\">\n\t\t<div class=\"elementor-element elementor-element-416e695 e-con-full e-flex e-con e-child\" data-id=\"416e695\" data-element_type=\"container\" data-settings=\"{&quot;content_width&quot;:&quot;full&quot;}\">\n\t\t\t\t<div class=\"elementor-element elementor-element-ed98cae elementor-widget elementor-widget-heading\" data-id=\"ed98cae\" data-element_type=\"widget\" data-widget_type=\"heading.default\">\n\t\t\t\t<div class=\"elementor-widget-container\">\n\t\t\t<h5 class=\"elementor-heading-title elementor-size-default\">Souhaitez-vous plus d\u2019informations ou avez-vous des questions? <\/h5>\t\t<\/div>\n\t\t\t\t<\/div>\n\t\t\t\t<\/div>\n\t\t\t\t<div data-dce-background-color=\"#896F3C\" class=\"elementor-element elementor-element-d0c42cf elementor-widget elementor-widget-button\" data-id=\"d0c42cf\" data-element_type=\"widget\" data-widget_type=\"button.default\">\n\t\t\t\t<div class=\"elementor-widget-container\">\n\t\t\t\t\t<div class=\"elementor-button-wrapper\">\n\t\t\t<a class=\"elementor-button elementor-button-link elementor-size-sm\" href=\"https:\/\/www.begrafenissenhaerens.be\/fr\/contact\/\">\n\t\t\t\t\t\t<span class=\"elementor-button-content-wrapper\">\n\t\t\t\t\t\t<span class=\"elementor-button-text\">Contactez nous<\/span>\n\t\t<\/span>\n\t\t\t\t\t<\/a>\n\t\t<\/div>\n\t\t\t\t<\/div>\n\t\t\t\t<\/div>\n\t\t\t\t\t<\/div>\n\t\t\t\t<\/div>\n\t\t\t\t<\/div>\n\t\t\t\t<\/div>\n\t\t\t\t<\/div>\n\t\t\t\t<\/div>\n\t\t\t\t<\/div>\n\t\t\t\t\t<\/div>\n\t\t\t\t<\/div>\n\t\t\t\t<\/div>\n\t\t","protected":false},"excerpt":{"rendered":"<p>Qu&rsquo;est-ce que la Thanatopraxie? La thanatopraxie est la science qui consiste \u00e0 assurer, gr\u00e2ce \u00e0 l\u2019injection de liquides de conservation, une hygi\u00e8ne parfaite au corps, dans le but de restituer au d\u00e9funt une apparence naturelle et paisible. Le traitement, qui dure de trois \u00e0 cinq heures, peut \u00eatre effectu\u00e9 \u00e0 la morgue de l\u2019h\u00f4pital ou [&hellip;]<\/p>\n","protected":false},"author":6,"featured_media":0,"parent":1021,"menu_order":0,"comment_status":"closed","ping_status":"closed","template":"","meta":{"_acf_changed":false,"footnotes":""},"acf":[],"yoast_head":"<!-- This site is optimized with the Yoast SEO plugin v23.5 - https:\/\/yoast.com\/wordpress\/plugins\/seo\/ -->\n<title>Thanatopraxie - HAERENS Sint-Martens-Latem<\/title>\n<meta name=\"robots\" content=\"index, follow, max-snippet:-1, max-image-preview:large, max-video-preview:-1\" \/>\n<link rel=\"canonical\" href=\"https:\/\/www.begrafenissenhaerens.be\/fr\/services\/thanatopraxie\/\" \/>\n<meta property=\"og:locale\" content=\"fr_FR\" \/>\n<meta property=\"og:type\" content=\"article\" \/>\n<meta property=\"og:title\" content=\"Thanatopraxie - HAERENS Sint-Martens-Latem\" \/>\n<meta property=\"og:description\" content=\"Qu&rsquo;est-ce que la Thanatopraxie? La thanatopraxie est la science qui consiste \u00e0 assurer, gr\u00e2ce \u00e0 l\u2019injection de liquides de conservation, une hygi\u00e8ne parfaite au corps, dans le but de restituer au d\u00e9funt une apparence naturelle et paisible. Le traitement, qui dure de trois \u00e0 cinq heures, peut \u00eatre effectu\u00e9 \u00e0 la morgue de l\u2019h\u00f4pital ou [&hellip;]\" \/>\n<meta property=\"og:url\" content=\"https:\/\/www.begrafenissenhaerens.be\/fr\/services\/thanatopraxie\/\" \/>\n<meta property=\"og:site_name\" content=\"HAERENS Sint-Martens-Latem\" \/>\n<meta property=\"article:publisher\" content=\"https:\/\/www.facebook.com\/BegrafenissenHaerens\/\" \/>\n<meta property=\"article:modified_time\" content=\"2023-05-12T11:09:08+00:00\" \/>\n<meta name=\"twitter:card\" content=\"summary_large_image\" \/>\n<meta name=\"twitter:label1\" content=\"Dur\u00e9e de lecture estim\u00e9e\" \/>\n\t<meta name=\"twitter:data1\" content=\"1 minute\" \/>\n<script type=\"application\/ld+json\" class=\"yoast-schema-graph\">{\"@context\":\"https:\/\/schema.org\",\"@graph\":[{\"@type\":\"WebPage\",\"@id\":\"https:\/\/www.begrafenissenhaerens.be\/fr\/services\/thanatopraxie\/\",\"url\":\"https:\/\/www.begrafenissenhaerens.be\/fr\/services\/thanatopraxie\/\",\"name\":\"Thanatopraxie - HAERENS Sint-Martens-Latem\",\"isPartOf\":{\"@id\":\"https:\/\/www.begrafenissenhaerens.be\/fr\/#website\"},\"datePublished\":\"2020-02-18T10:06:12+00:00\",\"dateModified\":\"2023-05-12T11:09:08+00:00\",\"breadcrumb\":{\"@id\":\"https:\/\/www.begrafenissenhaerens.be\/fr\/services\/thanatopraxie\/#breadcrumb\"},\"inLanguage\":\"fr-FR\",\"potentialAction\":[{\"@type\":\"ReadAction\",\"target\":[\"https:\/\/www.begrafenissenhaerens.be\/fr\/services\/thanatopraxie\/\"]}]},{\"@type\":\"BreadcrumbList\",\"@id\":\"https:\/\/www.begrafenissenhaerens.be\/fr\/services\/thanatopraxie\/#breadcrumb\",\"itemListElement\":[{\"@type\":\"ListItem\",\"position\":1,\"name\":\"Home\",\"item\":\"https:\/\/www.begrafenissenhaerens.be\/fr\/\"},{\"@type\":\"ListItem\",\"position\":2,\"name\":\"Services\",\"item\":\"https:\/\/www.begrafenissenhaerens.be\/fr\/services\/\"},{\"@type\":\"ListItem\",\"position\":3,\"name\":\"Thanatopraxie\"}]},{\"@type\":\"WebSite\",\"@id\":\"https:\/\/www.begrafenissenhaerens.be\/fr\/#website\",\"url\":\"https:\/\/www.begrafenissenhaerens.be\/fr\/\",\"name\":\"HAERENS Sint-Martens-Latem\",\"description\":\"Voor een uiterst discrete en stijlvolle aanpak van begrafenissen en crematies bent u bij Haerens uit Sint-Martens-Latem aan het juiste adres.\",\"publisher\":{\"@id\":\"https:\/\/www.begrafenissenhaerens.be\/fr\/#organization\"},\"potentialAction\":[{\"@type\":\"SearchAction\",\"target\":{\"@type\":\"EntryPoint\",\"urlTemplate\":\"https:\/\/www.begrafenissenhaerens.be\/fr\/?s={search_term_string}\"},\"query-input\":{\"@type\":\"PropertyValueSpecification\",\"valueRequired\":true,\"valueName\":\"search_term_string\"}}],\"inLanguage\":\"fr-FR\"},{\"@type\":\"Organization\",\"@id\":\"https:\/\/www.begrafenissenhaerens.be\/fr\/#organization\",\"name\":\"Begrafenissen Haerens\",\"url\":\"https:\/\/www.begrafenissenhaerens.be\/fr\/\",\"logo\":{\"@type\":\"ImageObject\",\"inLanguage\":\"fr-FR\",\"@id\":\"https:\/\/www.begrafenissenhaerens.be\/fr\/#\/schema\/logo\/image\/\",\"url\":\"https:\/\/www.begrafenissenhaerens.be\/wp-content\/uploads\/2020\/10\/haerens_logo.svg\",\"contentUrl\":\"https:\/\/www.begrafenissenhaerens.be\/wp-content\/uploads\/2020\/10\/haerens_logo.svg\",\"caption\":\"Begrafenissen Haerens\"},\"image\":{\"@id\":\"https:\/\/www.begrafenissenhaerens.be\/fr\/#\/schema\/logo\/image\/\"},\"sameAs\":[\"https:\/\/www.facebook.com\/BegrafenissenHaerens\/\"]}]}<\/script>\n<!-- \/ Yoast SEO plugin. -->","yoast_head_json":{"title":"Thanatopraxie - HAERENS Sint-Martens-Latem","robots":{"index":"index","follow":"follow","max-snippet":"max-snippet:-1","max-image-preview":"max-image-preview:large","max-video-preview":"max-video-preview:-1"},"canonical":"https:\/\/www.begrafenissenhaerens.be\/fr\/services\/thanatopraxie\/","og_locale":"fr_FR","og_type":"article","og_title":"Thanatopraxie - HAERENS Sint-Martens-Latem","og_description":"Qu&rsquo;est-ce que la Thanatopraxie? La thanatopraxie est la science qui consiste \u00e0 assurer, gr\u00e2ce \u00e0 l\u2019injection de liquides de conservation, une hygi\u00e8ne parfaite au corps, dans le but de restituer au d\u00e9funt une apparence naturelle et paisible. Le traitement, qui dure de trois \u00e0 cinq heures, peut \u00eatre effectu\u00e9 \u00e0 la morgue de l\u2019h\u00f4pital ou [&hellip;]","og_url":"https:\/\/www.begrafenissenhaerens.be\/fr\/services\/thanatopraxie\/","og_site_name":"HAERENS Sint-Martens-Latem","article_publisher":"https:\/\/www.facebook.com\/BegrafenissenHaerens\/","article_modified_time":"2023-05-12T11:09:08+00:00","twitter_card":"summary_large_image","twitter_misc":{"Dur\u00e9e de lecture estim\u00e9e":"1 minute"},"schema":{"@context":"https:\/\/schema.org","@graph":[{"@type":"WebPage","@id":"https:\/\/www.begrafenissenhaerens.be\/fr\/services\/thanatopraxie\/","url":"https:\/\/www.begrafenissenhaerens.be\/fr\/services\/thanatopraxie\/","name":"Thanatopraxie - HAERENS Sint-Martens-Latem","isPartOf":{"@id":"https:\/\/www.begrafenissenhaerens.be\/fr\/#website"},"datePublished":"2020-02-18T10:06:12+00:00","dateModified":"2023-05-12T11:09:08+00:00","breadcrumb":{"@id":"https:\/\/www.begrafenissenhaerens.be\/fr\/services\/thanatopraxie\/#breadcrumb"},"inLanguage":"fr-FR","potentialAction":[{"@type":"ReadAction","target":["https:\/\/www.begrafenissenhaerens.be\/fr\/services\/thanatopraxie\/"]}]},{"@type":"BreadcrumbList","@id":"https:\/\/www.begrafenissenhaerens.be\/fr\/services\/thanatopraxie\/#breadcrumb","itemListElement":[{"@type":"ListItem","position":1,"name":"Home","item":"https:\/\/www.begrafenissenhaerens.be\/fr\/"},{"@type":"ListItem","position":2,"name":"Services","item":"https:\/\/www.begrafenissenhaerens.be\/fr\/services\/"},{"@type":"ListItem","position":3,"name":"Thanatopraxie"}]},{"@type":"WebSite","@id":"https:\/\/www.begrafenissenhaerens.be\/fr\/#website","url":"https:\/\/www.begrafenissenhaerens.be\/fr\/","name":"HAERENS Sint-Martens-Latem","description":"Voor een uiterst discrete en stijlvolle aanpak van begrafenissen en crematies bent u bij Haerens uit Sint-Martens-Latem aan het juiste adres.","publisher":{"@id":"https:\/\/www.begrafenissenhaerens.be\/fr\/#organization"},"potentialAction":[{"@type":"SearchAction","target":{"@type":"EntryPoint","urlTemplate":"https:\/\/www.begrafenissenhaerens.be\/fr\/?s={search_term_string}"},"query-input":{"@type":"PropertyValueSpecification","valueRequired":true,"valueName":"search_term_string"}}],"inLanguage":"fr-FR"},{"@type":"Organization","@id":"https:\/\/www.begrafenissenhaerens.be\/fr\/#organization","name":"Begrafenissen Haerens","url":"https:\/\/www.begrafenissenhaerens.be\/fr\/","logo":{"@type":"ImageObject","inLanguage":"fr-FR","@id":"https:\/\/www.begrafenissenhaerens.be\/fr\/#\/schema\/logo\/image\/","url":"https:\/\/www.begrafenissenhaerens.be\/wp-content\/uploads\/2020\/10\/haerens_logo.svg","contentUrl":"https:\/\/www.begrafenissenhaerens.be\/wp-content\/uploads\/2020\/10\/haerens_logo.svg","caption":"Begrafenissen Haerens"},"image":{"@id":"https:\/\/www.begrafenissenhaerens.be\/fr\/#\/schema\/logo\/image\/"},"sameAs":["https:\/\/www.facebook.com\/BegrafenissenHaerens\/"]}]}},"_links":{"self":[{"href":"https:\/\/www.begrafenissenhaerens.be\/fr\/wp-json\/wp\/v2\/pages\/5465"}],"collection":[{"href":"https:\/\/www.begrafenissenhaerens.be\/fr\/wp-json\/wp\/v2\/pages"}],"about":[{"href":"https:\/\/www.begrafenissenhaerens.be\/fr\/wp-json\/wp\/v2\/types\/page"}],"author":[{"embeddable":true,"href":"https:\/\/www.begrafenissenhaerens.be\/fr\/wp-json\/wp\/v2\/users\/6"}],"replies":[{"embeddable":true,"href":"https:\/\/www.begrafenissenhaerens.be\/fr\/wp-json\/wp\/v2\/comments?post=5465"}],"version-history":[{"count":0,"href":"https:\/\/www.begrafenissenhaerens.be\/fr\/wp-json\/wp\/v2\/pages\/5465\/revisions"}],"up":[{"embeddable":true,"href":"https:\/\/www.begrafenissenhaerens.be\/fr\/wp-json\/wp\/v2\/pages\/1021"}],"wp:attachment":[{"href":"https:\/\/www.begrafenissenhaerens.be\/fr\/wp-json\/wp\/v2\/media?parent=5465"}],"curies":[{"name":"wp","href":"https:\/\/api.w.org\/{rel}","templated":true}]}}